{"id":120,"date":"2023-07-24T08:10:02","date_gmt":"2023-07-24T11:10:02","guid":{"rendered":"https:\/\/wernerweissheimer.com\/?page_id=120"},"modified":"2024-02-23T14:24:33","modified_gmt":"2024-02-23T17:24:33","slug":"atendimento","status":"publish","type":"page","link":"https:\/\/wernerweissheimer.com\/index.php\/atendimento\/","title":{"rendered":"Atendimento"},"content":{"rendered":"\n<section id=\"section-eae6f6fc-e8c0-4556-a32f-215ee883c5b7\" class=\"wp-block-gutentor-about-block gutentor-section gutentor-about about-template4 has-color-bg has-custom-bg wow animated slideInRight\" data-wow-animation=\"slideInRight\" data-wow-delay=\"1s\" data-wow-duration=\"2s\"><div class=\"grid-container\"><div class=\"gutentor-grid-item-wrap\"><div class=\"gutentor-single-item\"><div class=\"grid-row gutentor-rm-row-space-d\"><div class=\"grid-md-6 about-grid\"><div class=\"gutentor-single-item-content\"><div class=\"gutentor-about-content\"><h3 class=\"gutentor-single-item-title\">Atendimento<\/h3><p class=\"gutentor-single-item-desc\"><br>O atendimento do Dr. Werner \u00e9 diferenciado e por isso somente particular.<br><br>Importante esclarecer que \u00e9 direito da paciente realizar pelo seu conv\u00eanio todos os exames solicitados pelo Dr., assim como tamb\u00e9m tem direito de utilizar o plano de sa\u00fade em caso de despesas hospitalares decorrentes de quaisquer procedimentos obst\u00e9tricos e ginecol\u00f3gicos.<br><br>Al\u00e9m disso, algumas operadoras e planos oferecem a possibilidade de reembolso para consulta, procedimentos e parto particulares.<br><br><br><br><br><\/p><\/div><\/div><\/div><div class=\"grid-md-6 about-grid\"><div class=\"gutentor-single-item-image-box\"><div class=\"gutentor-image-thumb\"><img loading=\"lazy\" decoding=\"async\" class=\"normal-image\" src=\"http:\/\/wernerweissheimer.com\/wp-content\/uploads\/2023\/09\/flor-scaled-e1693602781676.jpg\" alt=\"\" height=\"520\" width=\"364\"\/><\/div><\/div><\/div><\/div><\/div><\/div><\/div><\/section>\n\n\n","protected":false},"excerpt":{"rendered":"","protected":false},"author":1,"featured_media":0,"parent":0,"menu_order":0,"comment_status":"closed","ping_status":"closed","template":"","meta":{"footnotes":""},"class_list":["post-120","page","type-page","status-publish","hentry"],"_links":{"self":[{"href":"https:\/\/wernerweissheimer.com\/index.php\/wp-json\/wp\/v2\/pages\/120","targetHints":{"allow":["GET"]}}],"collection":[{"href":"https:\/\/wernerweissheimer.com\/index.php\/wp-json\/wp\/v2\/pages"}],"about":[{"href":"https:\/\/wernerweissheimer.com\/index.php\/wp-json\/wp\/v2\/types\/page"}],"author":[{"embeddable":true,"href":"https:\/\/wernerweissheimer.com\/index.php\/wp-json\/wp\/v2\/users\/1"}],"replies":[{"embeddable":true,"href":"https:\/\/wernerweissheimer.com\/index.php\/wp-json\/wp\/v2\/comments?post=120"}],"version-history":[{"count":15,"href":"https:\/\/wernerweissheimer.com\/index.php\/wp-json\/wp\/v2\/pages\/120\/revisions"}],"predecessor-version":[{"id":985,"href":"https:\/\/wernerweissheimer.com\/index.php\/wp-json\/wp\/v2\/pages\/120\/revisions\/985"}],"wp:attachment":[{"href":"https:\/\/wernerweissheimer.com\/index.php\/wp-json\/wp\/v2\/media?parent=120"}],"curies":[{"name":"wp","href":"https:\/\/api.w.org\/{rel}","templated":true}]}}