{"id":117,"date":"2023-07-24T08:10:01","date_gmt":"2023-07-24T11:10:01","guid":{"rendered":"https:\/\/wernerweissheimer.com\/?page_id=117"},"modified":"2025-08-24T16:47:26","modified_gmt":"2025-08-24T19:47:26","slug":"sobre","status":"publish","type":"page","link":"https:\/\/wernerweissheimer.com\/index.php\/sobre\/","title":{"rendered":"Sobre"},"content":{"rendered":"\n<section id=\"9a4d8e\" class=\"section-9a4d8e gutentor-module gutentor-module-tabs gutentor-tabs-layout-horizontal gutentor-tabs-pos-top\"><div class=\"grid-container gutentor-rm-ct-space-d\"><div class=\"gutentor-module-tabs-wrap gutentor-tabs-style-fill\" data-id=\"9a4d8e\"><div class=\"gutentor-module-tabs-nav text-align-center-desktop\"><span class=\"gutentor-module-tabs-item gm-tt-9a4d8e gutentor-tabs-nav-active\" tabindex=\"0\"><span class=\"gutentor-module-tabs-title\">SOBRE MIM<\/span><\/span><span class=\"gutentor-module-tabs-item gm-tt-9a4d8e\" tabindex=\"0\"><span class=\"gutentor-module-tabs-title\">FORMA\u00c7\u00c3O ACAD\u00caMICA E TITULA\u00c7\u00c3O<\/span><\/span><span class=\"gutentor-module-tabs-item gm-tt-9a4d8e\" tabindex=\"0\"><span class=\"gutentor-module-tabs-title\">EXPERI\u00caNCIA PROFISSIONAL<\/span><\/span><\/div><div class=\"gutentor-module-tabs-body\">\n<div class=\"wp-block-gutentor-m7-tab gutentor-module-tabs-content gm-tc-9a4d8e gutentor-tabs-content-active\">\n<section id=\"gm94435e2\" class=\"wp-block-gutentor-m4 section-gm94435e2 gutentor-module gutentor-advanced-columns wow fadeIn\" data-wow-animation=\"fadeIn\" data-wow-delay=\"1s\" data-wow-duration=\"3s\" data-wow-iteration=\"1\"><div class=\"grid-container\"><div class=\"grid-row\">\n<div id=\"col-gmcc9d6b\" class=\"wp-block-gutentor-m4-col col-gmcc9d6b gutentor-single-column  grid-lg-2 grid-md-12 grid-12\"><div id=\"section-gmcc9d6b\" class=\"section-gmcc9d6b gutentor-col-wrap\">\n<div id=\"section-g5674ea\" class=\"wp-block-gutentor-e6 section-g5674ea gutentor-element gutentor-element-image text-align-center-desktop\"><div class=\"gutentor-element-image-box\"><div class=\"gutentor-image-thumb\"><img decoding=\"async\" class=\"normal-image\" src=\"http:\/\/wernerweissheimer.com\/wp-content\/uploads\/2023\/08\/IMG-20230729-WA0033.jpg\"\/><\/div><\/div><\/div>\n<\/div><\/div>\n\n\n\n<div id=\"col-gm58091f\" class=\"wp-block-gutentor-m4-col col-gm58091f gutentor-single-column  grid-lg-10 grid-md-12 grid-12\"><div id=\"section-gm58091f\" class=\"section-gm58091f gutentor-col-wrap has-color-bg has-custom-bg\">\n<div id=\"section-gbfd25f\" class=\"wp-block-gutentor-e1 section-gbfd25f gutentor-element gutentor-element-advanced-text\"><div class=\"gutentor-text-wrap\"><p class=\"gutentor-text\">Meu nome \u00e9 Werner Andr\u00e9 Weissheimer, sou filho de Astrid e Adalberto, m\u00e9dico em Agudo, no interior do Rio Grande do Sul, que sempre foi minha inspira\u00e7\u00e3o como pessoa. <br><br>Ao longo de sua vida, sempre procurou ajudar a outras pessoas, pautando-se dentro de princ\u00edpios \u00e9ticos, de corre\u00e7\u00e3o, de n\u00e3o malefic\u00eancia e benefic\u00eancia. Possu\u00eda um esp\u00edrito incr\u00edvel de saber e entender o porqu\u00ea de tudo, o que nos faz aprender e saber e n\u00e3o apenas conhecer algo. Sem d\u00favida alguma tive o privil\u00e9gio de ter um exemplo fant\u00e1stico.<br><br>Minha m\u00e3e \u00e9 uma pessoa extremamente met\u00f3dica, professora aposentada, que tem o m\u00e9rito de ter desenvolvido em mim o h\u00e1bito e o interesse pela leitura.<br><br>Sou companheiro da Caroline e juntos somos tutores das gatas Tina, Billie, Elis, Nina e Ella, nomes de grandes int\u00e9rpretes dentro da hist\u00f3ria da m\u00fasica, que tem um papel importante na minha vida.<br><br>Acredito na Medicina centrada na pessoa, exercida com sensibilidade, empatia e humanidade; no cuidado individualizado \u2013 cada paciente \u00e9 \u00fanica; e na humaniza\u00e7\u00e3o dos cuidados \u00e0 sa\u00fade.<br><br>Prezo a rela\u00e7\u00e3o m\u00e9dico-paciente respeitosa e busco oferecer cuidado \u00e0s pacientes com base nas melhores evid\u00eancias cient\u00edficas.<br><br>Valorizo uma anamnese atenta e um exame f\u00edsico cuidadoso, e considero fundamental ter tempo para ouvir, observar, refletir e compartilhar decis\u00f5es com as pacientes.<\/p><\/div><\/div>\n<\/div><\/div>\n<\/div><\/div><\/section>\n<\/div>\n\n\n\n<div class=\"wp-block-gutentor-m7-tab gutentor-module-tabs-content gm-tc-9a4d8e\">\n<section id=\"gm53fe155\" class=\"wp-block-gutentor-m4 section-gm53fe155 gutentor-module gutentor-advanced-columns wow fadeIn\" data-wow-animation=\"fadeIn\" data-wow-delay=\"1s\" data-wow-duration=\"3s\" data-wow-iteration=\"1\"><div class=\"grid-container\"><div class=\"grid-row\">\n<div id=\"col-gm106b80\" class=\"wp-block-gutentor-m4-col col-gm106b80 gutentor-single-column  grid-lg-6 grid-md-12 grid-12\"><div id=\"section-gm106b80\" class=\"section-gm106b80 gutentor-col-wrap\">\n<div id=\"section-g850dd5\" class=\"wp-block-gutentor-e0 section-g850dd5 gutentor-element gutentor-element-advanced-text text-align-center-desktop\"><div class=\"gutentor-text-wrap\"><div class=\"gutentor-text\"><strong><mark style=\"background-color:rgba(0, 0, 0, 0);color:#865456\" class=\"has-inline-color\">FORMA\u00c7\u00c3O ACAD\u00caMICA E TITULA\u00c7\u00c3O<\/mark><\/strong><\/div><\/div><\/div>\n<\/div><\/div>\n\n\n\n<div id=\"col-gm252fd7\" class=\"wp-block-gutentor-m4-col col-gm252fd7 gutentor-single-column  grid-lg-6 grid-md-12 grid-12\"><div id=\"section-gm252fd7\" class=\"section-gm252fd7 gutentor-col-wrap has-color-bg has-custom-bg\">\n<div id=\"section-gb2ea00\" class=\"wp-block-gutentor-e1 section-gb2ea00 gutentor-element gutentor-element-advanced-text\"><div class=\"gutentor-text-wrap\"><p class=\"gutentor-text\"><img loading=\"lazy\" decoding=\"async\" width=\"512\" height=\"512\" class=\"wp-image-52\" style=\"width: 25px\" src=\"http:\/\/wernerweissheimer.com\/wp-content\/uploads\/2023\/07\/rec-1.png\" alt=\"\" srcset=\"https:\/\/wernerweissheimer.com\/wp-content\/uploads\/2023\/07\/rec-1.png 512w, https:\/\/wernerweissheimer.com\/wp-content\/uploads\/2023\/07\/rec-1-300x300.png 300w, https:\/\/wernerweissheimer.com\/wp-content\/uploads\/2023\/07\/rec-1-150x150.png 150w\" sizes=\"auto, (max-width: 512px) 100vw, 512px\" \/>  Gradua\u00e7\u00e3o em Medicina pela Universidade Federal de Santa Maria, UFSM (1983 &#8211;<br>        1989).<br><br><img loading=\"lazy\" decoding=\"async\" width=\"512\" height=\"512\" class=\"wp-image-52\" style=\"width: 25px\" src=\"http:\/\/wernerweissheimer.com\/wp-content\/uploads\/2023\/07\/rec-1.png\" alt=\"\" srcset=\"https:\/\/wernerweissheimer.com\/wp-content\/uploads\/2023\/07\/rec-1.png 512w, https:\/\/wernerweissheimer.com\/wp-content\/uploads\/2023\/07\/rec-1-300x300.png 300w, https:\/\/wernerweissheimer.com\/wp-content\/uploads\/2023\/07\/rec-1-150x150.png 150w\" sizes=\"auto, (max-width: 512px) 100vw, 512px\" \/>  Resid\u00eancia M\u00e9dica em Ginecologia e Obstetr\u00edcia pela Universidade Federal de Santa Maria, UFSM (1990- 1991).<br><br><img loading=\"lazy\" decoding=\"async\" width=\"512\" height=\"512\" class=\"wp-image-52\" style=\"width: 25px\" src=\"http:\/\/wernerweissheimer.com\/wp-content\/uploads\/2023\/07\/rec-1.png\" alt=\"\" srcset=\"https:\/\/wernerweissheimer.com\/wp-content\/uploads\/2023\/07\/rec-1.png 512w, https:\/\/wernerweissheimer.com\/wp-content\/uploads\/2023\/07\/rec-1-300x300.png 300w, https:\/\/wernerweissheimer.com\/wp-content\/uploads\/2023\/07\/rec-1-150x150.png 150w\" sizes=\"auto, (max-width: 512px) 100vw, 512px\" \/>  T\u00edtulo de especialista (TEGO) em Ginecologia e Obstetr\u00edcia pela Federa\u00e7\u00e3o Brasileira<br>        de Ginecologia e Obstetr\u00edcia (FEBRASGO). <br><br><img loading=\"lazy\" decoding=\"async\" width=\"512\" height=\"512\" class=\"wp-image-52\" style=\"width: 25px\" src=\"http:\/\/wernerweissheimer.com\/wp-content\/uploads\/2023\/07\/rec-1.png\" alt=\"\" srcset=\"https:\/\/wernerweissheimer.com\/wp-content\/uploads\/2023\/07\/rec-1.png 512w, https:\/\/wernerweissheimer.com\/wp-content\/uploads\/2023\/07\/rec-1-300x300.png 300w, https:\/\/wernerweissheimer.com\/wp-content\/uploads\/2023\/07\/rec-1-150x150.png 150w\" sizes=\"auto, (max-width: 512px) 100vw, 512px\" \/>  Qualifica\u00e7\u00e3o em Patologia do Trato Genital Inferior e Colposcopia pela Associa\u00e7\u00e3o <br>        Brasileira de Patologia do Trato Genital Inferior e Colposcopia (ABPTGIP).<br><br><img loading=\"lazy\" decoding=\"async\" width=\"512\" height=\"512\" class=\"wp-image-52\" style=\"width: 25px\" src=\"http:\/\/wernerweissheimer.com\/wp-content\/uploads\/2023\/07\/rec-1.png\" alt=\"\" srcset=\"https:\/\/wernerweissheimer.com\/wp-content\/uploads\/2023\/07\/rec-1.png 512w, https:\/\/wernerweissheimer.com\/wp-content\/uploads\/2023\/07\/rec-1-300x300.png 300w, https:\/\/wernerweissheimer.com\/wp-content\/uploads\/2023\/07\/rec-1-150x150.png 150w\" sizes=\"auto, (max-width: 512px) 100vw, 512px\" \/>  Qualifica\u00e7\u00e3o em Suporte Avan\u00e7ado de Vida em Obstetr\u00edcia (ALSO &#8211; Advanced Life<br>        Support in Obstetrics) pela Academia Americana de M\u00e9dicos de Fam\u00edlia (AAFP &#8211; <br>        American Academy of Family Physicians).<br><br><img loading=\"lazy\" decoding=\"async\" width=\"512\" height=\"512\" class=\"wp-image-52\" style=\"width: 25px\" src=\"http:\/\/wernerweissheimer.com\/wp-content\/uploads\/2023\/07\/rec-1.png\" alt=\"\" srcset=\"https:\/\/wernerweissheimer.com\/wp-content\/uploads\/2023\/07\/rec-1.png 512w, https:\/\/wernerweissheimer.com\/wp-content\/uploads\/2023\/07\/rec-1-300x300.png 300w, https:\/\/wernerweissheimer.com\/wp-content\/uploads\/2023\/07\/rec-1-150x150.png 150w\" sizes=\"auto, (max-width: 512px) 100vw, 512px\" \/>  Mestrado em Sa\u00fade Coletiva pela Universidade do Oeste de Santa Catarina, <br>        UNOESC (2003 &#8211; 2006). <br><br><img loading=\"lazy\" decoding=\"async\" width=\"512\" height=\"512\" class=\"wp-image-52\" style=\"width: 25px\" src=\"http:\/\/wernerweissheimer.com\/wp-content\/uploads\/2023\/07\/rec-1.png\" alt=\"\" srcset=\"https:\/\/wernerweissheimer.com\/wp-content\/uploads\/2023\/07\/rec-1.png 512w, https:\/\/wernerweissheimer.com\/wp-content\/uploads\/2023\/07\/rec-1-300x300.png 300w, https:\/\/wernerweissheimer.com\/wp-content\/uploads\/2023\/07\/rec-1-150x150.png 150w\" sizes=\"auto, (max-width: 512px) 100vw, 512px\" \/>  Professor Titular do Curso de Medicina da Universidade Federal da Fronteira Sul <br>        (UFFS) e da Universidade Comunit\u00e1ria da Regi\u00e3o de Chapec\u00f3 (UNOCHAPEC\u00d3). <\/p><\/div><\/div>\n<\/div><\/div>\n<\/div><\/div><\/section>\n<\/div>\n\n\n\n<div class=\"wp-block-gutentor-m7-tab gutentor-module-tabs-content gm-tc-9a4d8e\">\n<section id=\"gmadb4aed\" class=\"wp-block-gutentor-m4 section-gmadb4aed gutentor-module gutentor-advanced-columns has-color-bg has-custom-bg wow fadeIn\" data-wow-animation=\"fadeIn\" data-wow-delay=\"1s\" data-wow-duration=\"3s\" data-wow-iteration=\"1\"><div class=\"grid-container\"><div class=\"grid-row\">\n<div id=\"col-gm1c23f5\" class=\"wp-block-gutentor-m4-col col-gm1c23f5 gutentor-single-column  grid-lg-6 grid-md-12 grid-12\"><div id=\"section-gm1c23f5\" class=\"section-gm1c23f5 gutentor-col-wrap\">\n<div id=\"section-g97a47c\" class=\"wp-block-gutentor-e0 section-g97a47c gutentor-element gutentor-element-advanced-text text-align-center-desktop\"><div class=\"gutentor-text-wrap\"><p class=\"gutentor-text\"><strong><mark style=\"background-color:rgba(0, 0, 0, 0);color:#865456\" class=\"has-inline-color\">EXPERI\u00caNCIA PROFISSIONAL <\/mark><\/strong><\/p><\/div><\/div>\n<\/div><\/div>\n\n\n\n<div id=\"col-gmad6fd0\" class=\"wp-block-gutentor-m4-col col-gmad6fd0 gutentor-single-column  grid-lg-6 grid-md-12 grid-12\"><div id=\"section-gmad6fd0\" class=\"section-gmad6fd0 gutentor-col-wrap\">\n<div id=\"section-gbe580f\" class=\"wp-block-gutentor-e1 section-gbe580f gutentor-element gutentor-element-advanced-text\"><div class=\"gutentor-text-wrap\"><p class=\"gutentor-text\"><img loading=\"lazy\" decoding=\"async\" width=\"512\" height=\"512\" class=\"wp-image-52\" style=\"width: 25px\" src=\"http:\/\/wernerweissheimer.com\/wp-content\/uploads\/2023\/07\/rec-1.png\" alt=\"\" srcset=\"https:\/\/wernerweissheimer.com\/wp-content\/uploads\/2023\/07\/rec-1.png 512w, https:\/\/wernerweissheimer.com\/wp-content\/uploads\/2023\/07\/rec-1-300x300.png 300w, https:\/\/wernerweissheimer.com\/wp-content\/uploads\/2023\/07\/rec-1-150x150.png 150w\" sizes=\"auto, (max-width: 512px) 100vw, 512px\" \/>  Primeiro obstetra de Chapec\u00f3\/SC a prestar assist\u00eancia ao trabalho de parto com  <br>        analgesia, em setembro de 1992. <br><br><img loading=\"lazy\" decoding=\"async\" width=\"512\" height=\"512\" class=\"wp-image-52\" style=\"width: 25px\" src=\"http:\/\/wernerweissheimer.com\/wp-content\/uploads\/2023\/07\/rec-1.png\" alt=\"\" srcset=\"https:\/\/wernerweissheimer.com\/wp-content\/uploads\/2023\/07\/rec-1.png 512w, https:\/\/wernerweissheimer.com\/wp-content\/uploads\/2023\/07\/rec-1-300x300.png 300w, https:\/\/wernerweissheimer.com\/wp-content\/uploads\/2023\/07\/rec-1-150x150.png 150w\" sizes=\"auto, (max-width: 512px) 100vw, 512px\" \/>   Primeiro obstetra do Estado de Santa Catarina a fazer Coleta de Sangue de Cord\u00e3o <br>         Umbilical e Placenta, em mar\u00e7o de 2004.<br><br><img loading=\"lazy\" decoding=\"async\" width=\"512\" height=\"512\" class=\"wp-image-52\" style=\"width: 25px\" src=\"http:\/\/wernerweissheimer.com\/wp-content\/uploads\/2023\/07\/rec-1.png\" alt=\"\" srcset=\"https:\/\/wernerweissheimer.com\/wp-content\/uploads\/2023\/07\/rec-1.png 512w, https:\/\/wernerweissheimer.com\/wp-content\/uploads\/2023\/07\/rec-1-300x300.png 300w, https:\/\/wernerweissheimer.com\/wp-content\/uploads\/2023\/07\/rec-1-150x150.png 150w\" sizes=\"auto, (max-width: 512px) 100vw, 512px\" \/>   Ginecologista que recebeu um dos tr\u00eas Mirenas para inser\u00e7\u00e3o que vieram ao Brasil<br>         em 1999, quando j\u00e1 aprovado na Europa, antes da aprova\u00e7\u00e3o da Anvisa, que <br>         ocorreu em 2000.<br><br><img loading=\"lazy\" decoding=\"async\" width=\"512\" height=\"512\" class=\"wp-image-52\" style=\"width: 25px\" src=\"http:\/\/wernerweissheimer.com\/wp-content\/uploads\/2023\/07\/rec-1.png\" alt=\"\" srcset=\"https:\/\/wernerweissheimer.com\/wp-content\/uploads\/2023\/07\/rec-1.png 512w, https:\/\/wernerweissheimer.com\/wp-content\/uploads\/2023\/07\/rec-1-300x300.png 300w, https:\/\/wernerweissheimer.com\/wp-content\/uploads\/2023\/07\/rec-1-150x150.png 150w\" sizes=\"auto, (max-width: 512px) 100vw, 512px\" \/>   Atualiza\u00e7\u00e3o profissional constante em Congressos Nacionais e Internacionais, nos<br>         quais sempre busca participar: <br><br>         Congresso Brasileiro de Ginecologia e Obstetr\u00edcia;<br>         Congresso Paulista de Obstetr\u00edcia e Ginecologia;<br>         Congresso Catarinense de Obstetr\u00edcia e Ginecologia;<br>         Congresso Ga\u00facho de Ginecologia e Obstetr\u00edcia;<br>         FIGO World Congress of Gynecology and Obstetrics;<br>         World Congress of Gynecologial Endocrinology;<br>         World Congress on The Menopause;<br>         European Congress of Obstetrics and Gynecology.  <br><br><img loading=\"lazy\" decoding=\"async\" width=\"512\" height=\"512\" class=\"wp-image-52\" style=\"width: 25px\" src=\"http:\/\/wernerweissheimer.com\/wp-content\/uploads\/2023\/07\/rec-1.png\" alt=\"\" srcset=\"https:\/\/wernerweissheimer.com\/wp-content\/uploads\/2023\/07\/rec-1.png 512w, https:\/\/wernerweissheimer.com\/wp-content\/uploads\/2023\/07\/rec-1-300x300.png 300w, https:\/\/wernerweissheimer.com\/wp-content\/uploads\/2023\/07\/rec-1-150x150.png 150w\" sizes=\"auto, (max-width: 512px) 100vw, 512px\" \/>   Um dos 3 ginecologistas brasileiros a ter participado do Encontro Anual 2023 do<br>         Col\u00e9gio Americano de Obstetras e Ginecologistas dos Estados Unidos da Am\u00e9rica<br>         (ACOG), em Baltimore, MD.  <\/p><\/div><\/div>\n<\/div><\/div>\n<\/div><\/div><\/section>\n<\/div>\n<\/div><\/div><\/div><\/section>\n","protected":false},"excerpt":{"rendered":"","protected":false},"author":1,"featured_media":0,"parent":0,"menu_order":0,"comment_status":"closed","ping_status":"closed","template":"","meta":{"footnotes":""},"class_list":["post-117","page","type-page","status-publish","hentry"],"_links":{"self":[{"href":"https:\/\/wernerweissheimer.com\/index.php\/wp-json\/wp\/v2\/pages\/117","targetHints":{"allow":["GET"]}}],"collection":[{"href":"https:\/\/wernerweissheimer.com\/index.php\/wp-json\/wp\/v2\/pages"}],"about":[{"href":"https:\/\/wernerweissheimer.com\/index.php\/wp-json\/wp\/v2\/types\/page"}],"author":[{"embeddable":true,"href":"https:\/\/wernerweissheimer.com\/index.php\/wp-json\/wp\/v2\/users\/1"}],"replies":[{"embeddable":true,"href":"https:\/\/wernerweissheimer.com\/index.php\/wp-json\/wp\/v2\/comments?post=117"}],"version-history":[{"count":87,"href":"https:\/\/wernerweissheimer.com\/index.php\/wp-json\/wp\/v2\/pages\/117\/revisions"}],"predecessor-version":[{"id":1032,"href":"https:\/\/wernerweissheimer.com\/index.php\/wp-json\/wp\/v2\/pages\/117\/revisions\/1032"}],"wp:attachment":[{"href":"https:\/\/wernerweissheimer.com\/index.php\/wp-json\/wp\/v2\/media?parent=117"}],"curies":[{"name":"wp","href":"https:\/\/api.w.org\/{rel}","templated":true}]}}